{"id":1102,"date":"2024-08-11T19:35:27","date_gmt":"2024-08-11T19:35:27","guid":{"rendered":"https:\/\/cafe-lagomera.com\/blog\/"},"modified":"2025-12-15T09:12:05","modified_gmt":"2025-12-15T09:12:05","slug":"blog","status":"publish","type":"page","link":"https:\/\/cafe-lagomera.com\/es\/blog\/","title":{"rendered":"Blog"},"content":{"rendered":"<p>[et_pb_section fb_built=\u00bb1&#8243; admin_label=\u00bbSection Title\u00bb module_id=\u00bbHistoria\u00bb _builder_version=\u00bb4.26.0&#8243; background_color=\u00bb#000000&#8243; custom_padding=\u00bb||94px|||\u00bb global_colors_info=\u00bb{}\u00bb][et_pb_row _builder_version=\u00bb4.25.1&#8243; width_tablet=\u00bb\u00bb width_phone=\u00bb92%\u00bb width_last_edited=\u00bbon|phone\u00bb locked=\u00bboff\u00bb global_colors_info=\u00bb{}\u00bb][et_pb_column type=\u00bb4_4&#8243; _builder_version=\u00bb4.16&#8243; custom_padding=\u00bb|||\u00bb global_colors_info=\u00bb{}\u00bb custom_padding__hover=\u00bb|||\u00bb][et_pb_image src=\u00bbhttps:\/\/cafe-lagomera.com\/wp-content\/uploads\/2024\/07\/Logo2.svg\u00bb title_text=\u00bbLogo2&#8243; _builder_version=\u00bb4.27.0&#8243; _module_preset=\u00bbdefault\u00bb max_width=\u00bb45%\u00bb module_alignment=\u00bbcenter\u00bb global_colors_info=\u00bb{}\u00bb][\/et_pb_image][et_pb_text _builder_version=\u00bb4.27.0&#8243; header_font=\u00bb||||||||\u00bb header_2_font=\u00bbSaira Stencil One|&#8211;et_global_body_font_weight||on|||||\u00bb header_2_text_align=\u00bbcenter\u00bb header_2_text_color=\u00bb#FFFFFF\u00bb header_2_font_size=\u00bb350px\u00bb header_2_line_height=\u00bb1.2em\u00bb transform_scale=\u00bb82%|100%\u00bb transform_scale_linked=\u00bboff\u00bb header_2_font_size_tablet=\u00bb36px\u00bb header_2_font_size_phone=\u00bb55px\u00bb header_2_font_size_last_edited=\u00bbon|phone\u00bb header_2_letter_spacing_tablet=\u00bb0px\u00bb header_2_letter_spacing_phone=\u00bb0px\u00bb header_2_letter_spacing_last_edited=\u00bboff|tablet\u00bb global_colors_info=\u00bb{}\u00bb]<\/p>\n<h2>BLOG<\/h2>\n<p>[\/et_pb_text][et_pb_text _builder_version=\u00bb4.27.0&#8243; text_font=\u00bbOpen Sans||||||||\u00bb text_text_color=\u00bb#FFFFFF\u00bb text_font_size=\u00bb24px\u00bb text_line_height=\u00bb2em\u00bb transform_scale_tablet=\u00bb\u00bb transform_scale_phone=\u00bb\u00bb transform_scale_last_edited=\u00bbon|desktop\u00bb transform_translate_tablet=\u00bb\u00bb transform_translate_phone=\u00bb\u00bb transform_translate_last_edited=\u00bbon|desktop\u00bb transform_rotate_tablet=\u00bb\u00bb transform_rotate_phone=\u00bb\u00bb transform_rotate_last_edited=\u00bbon|desktop\u00bb transform_skew_tablet=\u00bb\u00bb transform_skew_phone=\u00bb\u00bb transform_skew_last_edited=\u00bbon|desktop\u00bb transform_origin_tablet=\u00bb\u00bb transform_origin_phone=\u00bb\u00bb transform_origin_last_edited=\u00bbon|desktop\u00bb transform_styles_last_edited=\u00bbon|desktop\u00bb custom_margin=\u00bb||80px||false|false\u00bb text_font_size_tablet=\u00bb16px\u00bb text_font_size_phone=\u00bb14px\u00bb text_font_size_last_edited=\u00bbon|phone\u00bb text_letter_spacing_tablet=\u00bb\u00bb text_letter_spacing_phone=\u00bb0px\u00bb text_letter_spacing_last_edited=\u00bbon|phone\u00bb transform_styles_tablet=\u00bb\u00bb transform_styles_phone=\u00bb\u00bb global_colors_info=\u00bb{}\u00bb]<\/p>\n<p style=\"text-align: center;\">Este blog documentar\u00e1 el crecimiento de las distintas plantaciones en los pr\u00f3ximos a\u00f1os y profundizar\u00e1 as\u00ed en el disfrute y el conocimiento del caf\u00e9 y de la isla.<\/p>\n<p>[\/et_pb_text][et_pb_blog show_thumbnail=\u00bboff\u00bb show_author=\u00bboff\u00bb show_date=\u00bboff\u00bb show_categories=\u00bboff\u00bb show_excerpt=\u00bboff\u00bb _builder_version=\u00bb4.27.5&#8243; _module_preset=\u00bbdefault\u00bb header_font=\u00bb||||on||||\u00bb header_text_align=\u00bbcenter\u00bb header_text_color=\u00bb#FFFFFF\u00bb header_font_size=\u00bb31px\u00bb hover_enabled=\u00bb0&#8243; global_colors_info=\u00bb{}\u00bb sticky_enabled=\u00bb0&#8243;][\/et_pb_blog][\/et_pb_column][\/et_pb_row][\/et_pb_section][et_pb_section fb_built=\u00bb1&#8243; admin_label=\u00bbSection Title\u00bb _builder_version=\u00bb4.25.1&#8243; background_color=\u00bb#000000&#8243; custom_padding=\u00bb1px||28px|||\u00bb global_colors_info=\u00bb{}\u00bb][et_pb_row column_structure=\u00bb1_2,1_2&#8243; _builder_version=\u00bb4.25.1&#8243; locked=\u00bboff\u00bb global_colors_info=\u00bb{}\u00bb][et_pb_column type=\u00bb1_2&#8243; _builder_version=\u00bb4.16&#8243; custom_padding=\u00bb|||\u00bb global_colors_info=\u00bb{}\u00bb custom_padding__hover=\u00bb|||\u00bb][et_pb_text _builder_version=\u00bb4.27.0&#8243; header_font=\u00bb||||||||\u00bb header_2_font=\u00bbSaira Stencil One|&#8211;et_global_body_font_weight||on|||||\u00bb header_2_text_align=\u00bbcenter\u00bb header_2_text_color=\u00bb#FFFFFF\u00bb header_2_font_size=\u00bb35px\u00bb header_2_line_height=\u00bb1.2em\u00bb transform_scale=\u00bb82%|100%\u00bb transform_scale_linked=\u00bboff\u00bb link_option_url=\u00bbhttps:\/\/cafe-lagomera.com\/es\/terminos-legales\/\u00bb header_2_font_size_tablet=\u00bb36px\u00bb header_2_font_size_phone=\u00bb28px\u00bb header_2_font_size_last_edited=\u00bbon|phone\u00bb header_2_letter_spacing_tablet=\u00bb0px\u00bb header_2_letter_spacing_phone=\u00bb0px\u00bb header_2_letter_spacing_last_edited=\u00bboff|tablet\u00bb global_colors_info=\u00bb{}\u00bb]<\/p>\n<h2>Pie de imprenta<\/h2>\n<p>[\/et_pb_text][\/et_pb_column][et_pb_column type=\u00bb1_2&#8243; _builder_version=\u00bb4.16&#8243; custom_padding=\u00bb|||\u00bb global_colors_info=\u00bb{}\u00bb custom_padding__hover=\u00bb|||\u00bb][et_pb_text _builder_version=\u00bb4.27.0&#8243; header_font=\u00bb||||||||\u00bb header_2_font=\u00bbSaira Stencil One|&#8211;et_global_body_font_weight||on|||||\u00bb header_2_text_align=\u00bbcenter\u00bb header_2_text_color=\u00bb#FFFFFF\u00bb header_2_font_size=\u00bb35px\u00bb header_2_line_height=\u00bb1.2em\u00bb transform_scale=\u00bb82%|100%\u00bb transform_scale_linked=\u00bboff\u00bb link_option_url=\u00bbhttps:\/\/cafe-lagomera.com\/es\/politica-de-datos\/\u00bb header_2_font_size_tablet=\u00bb36px\u00bb header_2_font_size_phone=\u00bb28px\u00bb header_2_font_size_last_edited=\u00bbon|phone\u00bb header_2_letter_spacing_tablet=\u00bb0px\u00bb header_2_letter_spacing_phone=\u00bb0px\u00bb header_2_letter_spacing_last_edited=\u00bboff|tablet\u00bb global_colors_info=\u00bb{}\u00bb]<\/p>\n<h2>Protecci\u00f3n de datos<\/h2>\n<p>[\/et_pb_text][\/et_pb_column][\/et_pb_row][\/et_pb_section]<\/p>\n","protected":false},"excerpt":{"rendered":"<p>BLOGEste blog documentar\u00e1 el crecimiento de las distintas plantaciones en los pr\u00f3ximos a\u00f1os y profundizar\u00e1 as\u00ed en el disfrute y el conocimiento del caf\u00e9 y de la isla.Pie de imprentaProtecci\u00f3n de datos<\/p>\n","protected":false},"author":1,"featured_media":0,"parent":0,"menu_order":0,"comment_status":"closed","ping_status":"closed","template":"","meta":{"_et_pb_use_builder":"on","_et_pb_old_content":"","_et_gb_content_width":"","footnotes":""},"class_list":["post-1102","page","type-page","status-publish","hentry"],"yoast_head":"<!-- This site is optimized with the Yoast SEO plugin v27.5 - https:\/\/yoast.com\/product\/yoast-seo-wordpress\/ -->\n<title>Blog - Cafe Le La Gomera<\/title>\n<meta name=\"robots\" content=\"index, follow, max-snippet:-1, max-image-preview:large, max-video-preview:-1\" \/>\n<link rel=\"canonical\" href=\"https:\/\/cafe-lagomera.com\/es\/blog\/\" \/>\n<meta property=\"og:locale\" content=\"es_ES\" \/>\n<meta property=\"og:type\" content=\"article\" \/>\n<meta property=\"og:title\" content=\"Blog - Cafe Le La Gomera\" \/>\n<meta property=\"og:description\" content=\"BLOGEste blog documentar\u00e1 el crecimiento de las distintas plantaciones en los pr\u00f3ximos a\u00f1os y profundizar\u00e1 as\u00ed en el disfrute y el conocimiento del caf\u00e9 y de la isla.Pie de imprentaProtecci\u00f3n de datos\" \/>\n<meta property=\"og:url\" content=\"https:\/\/cafe-lagomera.com\/es\/blog\/\" \/>\n<meta property=\"og:site_name\" content=\"Cafe Le La Gomera\" \/>\n<meta property=\"article:modified_time\" content=\"2025-12-15T09:12:05+00:00\" \/>\n<meta name=\"twitter:card\" content=\"summary_large_image\" \/>\n<meta name=\"twitter:label1\" content=\"Tiempo de lectura\" \/>\n\t<meta name=\"twitter:data1\" content=\"3 minutos\" \/>\n<script type=\"application\/ld+json\" class=\"yoast-schema-graph\">{\"@context\":\"https:\\\/\\\/schema.org\",\"@graph\":[{\"@type\":\"WebPage\",\"@id\":\"https:\\\/\\\/cafe-lagomera.com\\\/es\\\/blog\\\/\",\"url\":\"https:\\\/\\\/cafe-lagomera.com\\\/es\\\/blog\\\/\",\"name\":\"Blog - Cafe Le La Gomera\",\"isPartOf\":{\"@id\":\"https:\\\/\\\/cafe-lagomera.com\\\/es\\\/#website\"},\"datePublished\":\"2024-08-11T19:35:27+00:00\",\"dateModified\":\"2025-12-15T09:12:05+00:00\",\"breadcrumb\":{\"@id\":\"https:\\\/\\\/cafe-lagomera.com\\\/es\\\/blog\\\/#breadcrumb\"},\"inLanguage\":\"es\",\"potentialAction\":[{\"@type\":\"ReadAction\",\"target\":[\"https:\\\/\\\/cafe-lagomera.com\\\/es\\\/blog\\\/\"]}]},{\"@type\":\"BreadcrumbList\",\"@id\":\"https:\\\/\\\/cafe-lagomera.com\\\/es\\\/blog\\\/#breadcrumb\",\"itemListElement\":[{\"@type\":\"ListItem\",\"position\":1,\"name\":\"Startseite\",\"item\":\"https:\\\/\\\/cafe-lagomera.com\\\/es\\\/comienza\\\/\"},{\"@type\":\"ListItem\",\"position\":2,\"name\":\"Blog\"}]},{\"@type\":\"WebSite\",\"@id\":\"https:\\\/\\\/cafe-lagomera.com\\\/es\\\/#website\",\"url\":\"https:\\\/\\\/cafe-lagomera.com\\\/es\\\/\",\"name\":\"Cafe De La Gomera\",\"description\":\"The first truly indigenous coffee from La Gomera\",\"publisher\":{\"@id\":\"https:\\\/\\\/cafe-lagomera.com\\\/es\\\/#organization\"},\"potentialAction\":[{\"@type\":\"SearchAction\",\"target\":{\"@type\":\"EntryPoint\",\"urlTemplate\":\"https:\\\/\\\/cafe-lagomera.com\\\/es\\\/?s={search_term_string}\"},\"query-input\":{\"@type\":\"PropertyValueSpecification\",\"valueRequired\":true,\"valueName\":\"search_term_string\"}}],\"inLanguage\":\"es\"},{\"@type\":\"Organization\",\"@id\":\"https:\\\/\\\/cafe-lagomera.com\\\/es\\\/#organization\",\"name\":\"Cafe De La Gomera\",\"url\":\"https:\\\/\\\/cafe-lagomera.com\\\/es\\\/\",\"logo\":{\"@type\":\"ImageObject\",\"inLanguage\":\"es\",\"@id\":\"https:\\\/\\\/cafe-lagomera.com\\\/es\\\/#\\\/schema\\\/logo\\\/image\\\/\",\"url\":\"https:\\\/\\\/cafe-lagomera.com\\\/wp-content\\\/uploads\\\/2024\\\/05\\\/Mockup.jpg\",\"contentUrl\":\"https:\\\/\\\/cafe-lagomera.com\\\/wp-content\\\/uploads\\\/2024\\\/05\\\/Mockup.jpg\",\"width\":1300,\"height\":2000,\"caption\":\"Cafe De La Gomera\"},\"image\":{\"@id\":\"https:\\\/\\\/cafe-lagomera.com\\\/es\\\/#\\\/schema\\\/logo\\\/image\\\/\"},\"sameAs\":[\"https:\\\/\\\/www.instagram.com\\\/cafe.lagomera\\\/\"]}]}<\/script>\n<!-- \/ Yoast SEO plugin. -->","yoast_head_json":{"title":"Blog - Cafe Le La Gomera","robots":{"index":"index","follow":"follow","max-snippet":"max-snippet:-1","max-image-preview":"max-image-preview:large","max-video-preview":"max-video-preview:-1"},"canonical":"https:\/\/cafe-lagomera.com\/es\/blog\/","og_locale":"es_ES","og_type":"article","og_title":"Blog - Cafe Le La Gomera","og_description":"BLOGEste blog documentar\u00e1 el crecimiento de las distintas plantaciones en los pr\u00f3ximos a\u00f1os y profundizar\u00e1 as\u00ed en el disfrute y el conocimiento del caf\u00e9 y de la isla.Pie de imprentaProtecci\u00f3n de datos","og_url":"https:\/\/cafe-lagomera.com\/es\/blog\/","og_site_name":"Cafe Le La Gomera","article_modified_time":"2025-12-15T09:12:05+00:00","twitter_card":"summary_large_image","twitter_misc":{"Tiempo de lectura":"3 minutos"},"schema":{"@context":"https:\/\/schema.org","@graph":[{"@type":"WebPage","@id":"https:\/\/cafe-lagomera.com\/es\/blog\/","url":"https:\/\/cafe-lagomera.com\/es\/blog\/","name":"Blog - Cafe Le La Gomera","isPartOf":{"@id":"https:\/\/cafe-lagomera.com\/es\/#website"},"datePublished":"2024-08-11T19:35:27+00:00","dateModified":"2025-12-15T09:12:05+00:00","breadcrumb":{"@id":"https:\/\/cafe-lagomera.com\/es\/blog\/#breadcrumb"},"inLanguage":"es","potentialAction":[{"@type":"ReadAction","target":["https:\/\/cafe-lagomera.com\/es\/blog\/"]}]},{"@type":"BreadcrumbList","@id":"https:\/\/cafe-lagomera.com\/es\/blog\/#breadcrumb","itemListElement":[{"@type":"ListItem","position":1,"name":"Startseite","item":"https:\/\/cafe-lagomera.com\/es\/comienza\/"},{"@type":"ListItem","position":2,"name":"Blog"}]},{"@type":"WebSite","@id":"https:\/\/cafe-lagomera.com\/es\/#website","url":"https:\/\/cafe-lagomera.com\/es\/","name":"Cafe De La Gomera","description":"The first truly indigenous coffee from La Gomera","publisher":{"@id":"https:\/\/cafe-lagomera.com\/es\/#organization"},"potentialAction":[{"@type":"SearchAction","target":{"@type":"EntryPoint","urlTemplate":"https:\/\/cafe-lagomera.com\/es\/?s={search_term_string}"},"query-input":{"@type":"PropertyValueSpecification","valueRequired":true,"valueName":"search_term_string"}}],"inLanguage":"es"},{"@type":"Organization","@id":"https:\/\/cafe-lagomera.com\/es\/#organization","name":"Cafe De La Gomera","url":"https:\/\/cafe-lagomera.com\/es\/","logo":{"@type":"ImageObject","inLanguage":"es","@id":"https:\/\/cafe-lagomera.com\/es\/#\/schema\/logo\/image\/","url":"https:\/\/cafe-lagomera.com\/wp-content\/uploads\/2024\/05\/Mockup.jpg","contentUrl":"https:\/\/cafe-lagomera.com\/wp-content\/uploads\/2024\/05\/Mockup.jpg","width":1300,"height":2000,"caption":"Cafe De La Gomera"},"image":{"@id":"https:\/\/cafe-lagomera.com\/es\/#\/schema\/logo\/image\/"},"sameAs":["https:\/\/www.instagram.com\/cafe.lagomera\/"]}]}},"_links":{"self":[{"href":"https:\/\/cafe-lagomera.com\/es\/wp-json\/wp\/v2\/pages\/1102","targetHints":{"allow":["GET"]}}],"collection":[{"href":"https:\/\/cafe-lagomera.com\/es\/wp-json\/wp\/v2\/pages"}],"about":[{"href":"https:\/\/cafe-lagomera.com\/es\/wp-json\/wp\/v2\/types\/page"}],"author":[{"embeddable":true,"href":"https:\/\/cafe-lagomera.com\/es\/wp-json\/wp\/v2\/users\/1"}],"replies":[{"embeddable":true,"href":"https:\/\/cafe-lagomera.com\/es\/wp-json\/wp\/v2\/comments?post=1102"}],"version-history":[{"count":4,"href":"https:\/\/cafe-lagomera.com\/es\/wp-json\/wp\/v2\/pages\/1102\/revisions"}],"predecessor-version":[{"id":1258,"href":"https:\/\/cafe-lagomera.com\/es\/wp-json\/wp\/v2\/pages\/1102\/revisions\/1258"}],"wp:attachment":[{"href":"https:\/\/cafe-lagomera.com\/es\/wp-json\/wp\/v2\/media?parent=1102"}],"curies":[{"name":"wp","href":"https:\/\/api.w.org\/{rel}","templated":true}]}}