{"id":496,"date":"2024-05-16T17:53:37","date_gmt":"2024-05-16T17:53:37","guid":{"rendered":"https:\/\/cafe-lagomera.com\/termes-juridiques\/"},"modified":"2026-04-28T12:52:53","modified_gmt":"2026-04-28T12:52:53","slug":"termes-juridiques","status":"publish","type":"page","link":"https:\/\/cafe-lagomera.com\/fr\/termes-juridiques\/","title":{"rendered":"Mentions l\u00e9gales"},"content":{"rendered":"<p>[et_pb_section fb_built=\u00a0\u00bb1&Prime; admin_label=\u00a0\u00bbSection Title\u00a0\u00bb _builder_version=\u00a0\u00bb4.16&Prime; custom_padding=\u00a0\u00bb1px||94px|||\u00a0\u00bb global_colors_info=\u00a0\u00bb{}\u00a0\u00bb][et_pb_row _builder_version=\u00a0\u00bb4.25.1&Prime; width_tablet=\u00a0\u00bb\u00a0\u00bb width_phone=\u00a0\u00bb92%\u00a0\u00bb width_last_edited=\u00a0\u00bbon|phone\u00a0\u00bb locked=\u00a0\u00bboff\u00a0\u00bb global_colors_info=\u00a0\u00bb{}\u00a0\u00bb][et_pb_column type=\u00a0\u00bb4_4&Prime; _builder_version=\u00a0\u00bb4.16&Prime; custom_padding=\u00a0\u00bb|||\u00a0\u00bb global_colors_info=\u00a0\u00bb{}\u00a0\u00bb custom_padding__hover=\u00a0\u00bb|||\u00a0\u00bb][et_pb_text _builder_version=\u00a0\u00bb4.25.1&Prime; header_font=\u00a0\u00bb||||||||\u00a0\u00bb header_2_font=\u00a0\u00bbSaira Stencil One|&#8211;et_global_body_font_weight||on|||||\u00a0\u00bb header_2_text_align=\u00a0\u00bbcenter\u00a0\u00bb header_2_text_color=\u00a0\u00bb#000000&Prime; header_2_font_size=\u00a0\u00bb61px\u00a0\u00bb header_2_line_height=\u00a0\u00bb1.2em\u00a0\u00bb transform_scale=\u00a0\u00bb82%|100%\u00a0\u00bb transform_scale_linked=\u00a0\u00bboff\u00a0\u00bb header_2_font_size_tablet=\u00a0\u00bb36px\u00a0\u00bb header_2_font_size_phone=\u00a0\u00bb44px\u00a0\u00bb header_2_font_size_last_edited=\u00a0\u00bbon|phone\u00a0\u00bb header_2_letter_spacing_tablet=\u00a0\u00bb0px\u00a0\u00bb header_2_letter_spacing_phone=\u00a0\u00bb0px\u00a0\u00bb header_2_letter_spacing_last_edited=\u00a0\u00bboff|tablet\u00a0\u00bb global_colors_info=\u00a0\u00bb{}\u00a0\u00bb]<\/p>\n<h2 style=\"text-align: center;\">Mentions l\u00e9gales<\/h2>\n<p>[\/et_pb_text][et_pb_text _builder_version=\u00a0\u00bb4.25.1&Prime; text_font=\u00a0\u00bbOpen Sans||||||||\u00a0\u00bb text_text_color=\u00a0\u00bb#000000&Prime; text_font_size=\u00a0\u00bb17px\u00a0\u00bb text_line_height=\u00a0\u00bb2em\u00a0\u00bb transform_scale_tablet=\u00a0\u00bb\u00a0\u00bb transform_scale_phone=\u00a0\u00bb\u00a0\u00bb transform_scale_last_edited=\u00a0\u00bbon|desktop\u00a0\u00bb transform_translate_tablet=\u00a0\u00bb\u00a0\u00bb transform_translate_phone=\u00a0\u00bb\u00a0\u00bb transform_translate_last_edited=\u00a0\u00bbon|desktop\u00a0\u00bb transform_rotate_tablet=\u00a0\u00bb\u00a0\u00bb transform_rotate_phone=\u00a0\u00bb\u00a0\u00bb transform_rotate_last_edited=\u00a0\u00bbon|desktop\u00a0\u00bb transform_skew_tablet=\u00a0\u00bb\u00a0\u00bb transform_skew_phone=\u00a0\u00bb\u00a0\u00bb transform_skew_last_edited=\u00a0\u00bbon|desktop\u00a0\u00bb transform_origin_tablet=\u00a0\u00bb\u00a0\u00bb transform_origin_phone=\u00a0\u00bb\u00a0\u00bb transform_origin_last_edited=\u00a0\u00bbon|desktop\u00a0\u00bb transform_styles_last_edited=\u00a0\u00bbon|desktop\u00a0\u00bb text_font_size_tablet=\u00a0\u00bb16px\u00a0\u00bb text_font_size_phone=\u00a0\u00bb14px\u00a0\u00bb text_font_size_last_edited=\u00a0\u00bbon|phone\u00a0\u00bb text_letter_spacing_tablet=\u00a0\u00bb\u00a0\u00bb text_letter_spacing_phone=\u00a0\u00bb0px\u00a0\u00bb text_letter_spacing_last_edited=\u00a0\u00bbon|tablet\u00a0\u00bb transform_styles_tablet=\u00a0\u00bb\u00a0\u00bb transform_styles_phone=\u00a0\u00bb\u00a0\u00bb global_colors_info=\u00a0\u00bb{}\u00a0\u00bb]<\/p>\n<div class=\"et_pb_column et_pb_column_4_4 et_pb_column_2 et_pb_css_mix_blend_mode_passthrough et-last-child\">\n<div class=\"et_pb_row et_pb_row_1\">\n<div class=\"et_pb_column et_pb_column_4_4 et_pb_column_2 et_pb_css_mix_blend_mode_passthrough et-last-child\">\n<div class=\"et_pb_row et_pb_row_1\">\n<div class=\"et_pb_column et_pb_column_4_4 et_pb_column_2 et_pb_css_mix_blend_mode_passthrough et-last-child\">\n<div class=\"et_pb_module et_pb_text et_pb_text_1 et_pb_text_align_left et_pb_bg_layout_light\">\n<div class=\"et_pb_text_inner\">\n<div class=\"row breadcrumb-row\">\n<div id=\"static-markdown-5\"><strong>MaLaBa S.L.,<\/strong><\/div>\n<div>B76800333<\/div>\n<div>C\/ Las Trincheras, s\/n<\/div>\n<div>Alajer\u00f3, 38812<\/div>\n<div>\n<p>Santa Cruz de Tenerife (Espa\u00f1a)<\/p>\n<div class=\"t-text-content static-markdown-widget\">\n<p>T\u00e9l. : (+34) 676 62 18 80<\/p>\n<p><strong>Contact :<\/strong><br \/>Webmaster : info@cafelagomera.com<a href=\"mailto:webmaster@neumann.com?subject=Webmaster%20Contact\"> <\/a><\/p>\n<\/div>\n<\/div>\n<\/div>\n<\/div>\n<\/div>\n<\/div>\n<\/div>\n<\/div>\n<\/div>\n<\/div>\n<p>[\/et_pb_text][\/et_pb_column][\/et_pb_row][\/et_pb_section][et_pb_section fb_built=\u00a0\u00bb1&Prime; admin_label=\u00a0\u00bbSection Title\u00a0\u00bb _builder_version=\u00a0\u00bb4.25.1&Prime; background_color=\u00a0\u00bb#000000&Prime; custom_padding=\u00a0\u00bb1px||28px|||\u00a0\u00bb global_colors_info=\u00a0\u00bb{}\u00a0\u00bb][et_pb_row column_structure=\u00a0\u00bb1_2,1_2&Prime; _builder_version=\u00a0\u00bb4.25.1&Prime; locked=\u00a0\u00bboff\u00a0\u00bb global_colors_info=\u00a0\u00bb{}\u00a0\u00bb][et_pb_column type=\u00a0\u00bb1_2&Prime; _builder_version=\u00a0\u00bb4.16&Prime; custom_padding=\u00a0\u00bb|||\u00a0\u00bb global_colors_info=\u00a0\u00bb{}\u00a0\u00bb custom_padding__hover=\u00a0\u00bb|||\u00a0\u00bb][et_pb_text _builder_version=\u00a0\u00bb4.25.1&Prime; header_font=\u00a0\u00bb||||||||\u00a0\u00bb header_2_font=\u00a0\u00bbSaira Stencil One|&#8211;et_global_body_font_weight||on|||||\u00a0\u00bb header_2_text_align=\u00a0\u00bbcenter\u00a0\u00bb header_2_text_color=\u00a0\u00bb#FFFFFF\u00a0\u00bb header_2_font_size=\u00a0\u00bb35px\u00a0\u00bb header_2_line_height=\u00a0\u00bb1.2em\u00a0\u00bb transform_scale=\u00a0\u00bb82%|100%\u00a0\u00bb transform_scale_linked=\u00a0\u00bboff\u00a0\u00bb link_option_url=\u00a0\u00bbhttps:\/\/cafe-lagomera.com\/fr\/termes-juridiques\/\u00a0\u00bb header_2_font_size_tablet=\u00a0\u00bb36px\u00a0\u00bb header_2_font_size_phone=\u00a0\u00bb28px\u00a0\u00bb header_2_font_size_last_edited=\u00a0\u00bbon|phone\u00a0\u00bb header_2_letter_spacing_tablet=\u00a0\u00bb0px\u00a0\u00bb header_2_letter_spacing_phone=\u00a0\u00bb0px\u00a0\u00bb header_2_letter_spacing_last_edited=\u00a0\u00bboff|tablet\u00a0\u00bb global_colors_info=\u00a0\u00bb{}\u00a0\u00bb]<\/p>\n<h2>Termes juridiques<\/h2>\n<p>[\/et_pb_text][\/et_pb_column][et_pb_column type=\u00a0\u00bb1_2&Prime; _builder_version=\u00a0\u00bb4.16&Prime; custom_padding=\u00a0\u00bb|||\u00a0\u00bb global_colors_info=\u00a0\u00bb{}\u00a0\u00bb custom_padding__hover=\u00a0\u00bb|||\u00a0\u00bb][et_pb_text _builder_version=\u00a0\u00bb4.25.1&Prime; header_font=\u00a0\u00bb||||||||\u00a0\u00bb header_2_font=\u00a0\u00bbSaira Stencil One|&#8211;et_global_body_font_weight||on|||||\u00a0\u00bb header_2_text_align=\u00a0\u00bbcenter\u00a0\u00bb header_2_text_color=\u00a0\u00bb#FFFFFF\u00a0\u00bb header_2_font_size=\u00a0\u00bb35px\u00a0\u00bb header_2_line_height=\u00a0\u00bb1.2em\u00a0\u00bb transform_scale=\u00a0\u00bb82%|100%\u00a0\u00bb transform_scale_linked=\u00a0\u00bboff\u00a0\u00bb link_option_url=\u00a0\u00bbhttps:\/\/cafe-lagomera.com\/fr\/politique-de-donnees\/\u00a0\u00bb header_2_font_size_tablet=\u00a0\u00bb36px\u00a0\u00bb header_2_font_size_phone=\u00a0\u00bb28px\u00a0\u00bb header_2_font_size_last_edited=\u00a0\u00bbon|phone\u00a0\u00bb header_2_letter_spacing_tablet=\u00a0\u00bb0px\u00a0\u00bb header_2_letter_spacing_phone=\u00a0\u00bb0px\u00a0\u00bb header_2_letter_spacing_last_edited=\u00a0\u00bboff|tablet\u00a0\u00bb global_colors_info=\u00a0\u00bb{}\u00a0\u00bb]<\/p>\n<h2>Politique de donn\u00e9es<\/h2>\n<p>[\/et_pb_text][\/et_pb_column][\/et_pb_row][\/et_pb_section]<\/p>\n","protected":false},"excerpt":{"rendered":"<p>Mentions l\u00e9gales MaLaBa S.L., B76800333 C\/ Las Trincheras, s\/n Alajer\u00f3, 38812 Santa Cruz de Tenerife (Espa\u00f1a) T\u00e9l. : (+34) 676 62 18 80 Contact :Webmaster : info@cafelagomera.com Termes juridiquesPolitique de donn\u00e9es<\/p>\n","protected":false},"author":1,"featured_media":0,"parent":0,"menu_order":0,"comment_status":"closed","ping_status":"closed","template":"","meta":{"_et_pb_use_builder":"on","_et_pb_old_content":"","_et_gb_content_width":"","footnotes":""},"class_list":["post-496","page","type-page","status-publish","hentry"],"yoast_head":"<!-- This site is optimized with the Yoast SEO plugin v27.5 - https:\/\/yoast.com\/product\/yoast-seo-wordpress\/ -->\n<title>Mentions l\u00e9gales - Cafe Le La Gomera<\/title>\n<meta name=\"robots\" content=\"index, follow, max-snippet:-1, max-image-preview:large, max-video-preview:-1\" \/>\n<link rel=\"canonical\" href=\"https:\/\/cafe-lagomera.com\/fr\/termes-juridiques\/\" \/>\n<meta property=\"og:locale\" content=\"fr_FR\" \/>\n<meta property=\"og:type\" content=\"article\" \/>\n<meta property=\"og:title\" content=\"Mentions l\u00e9gales - Cafe Le La Gomera\" \/>\n<meta property=\"og:description\" content=\"Mentions l\u00e9gales MaLaBa S.L., B76800333 C\/ Las Trincheras, s\/n Alajer\u00f3, 38812 Santa Cruz de Tenerife (Espa\u00f1a) T\u00e9l. : (+34) 676 62 18 80 Contact :Webmaster : info@cafelagomera.com Termes juridiquesPolitique de donn\u00e9es\" \/>\n<meta property=\"og:url\" content=\"https:\/\/cafe-lagomera.com\/fr\/termes-juridiques\/\" \/>\n<meta property=\"og:site_name\" content=\"Cafe Le La Gomera\" \/>\n<meta property=\"article:modified_time\" content=\"2026-04-28T12:52:53+00:00\" \/>\n<meta name=\"twitter:card\" content=\"summary_large_image\" \/>\n<meta name=\"twitter:label1\" content=\"Dur\u00e9e de lecture estim\u00e9e\" \/>\n\t<meta name=\"twitter:data1\" content=\"3 minutes\" \/>\n<script type=\"application\/ld+json\" class=\"yoast-schema-graph\">{\"@context\":\"https:\\\/\\\/schema.org\",\"@graph\":[{\"@type\":\"WebPage\",\"@id\":\"https:\\\/\\\/cafe-lagomera.com\\\/fr\\\/termes-juridiques\\\/\",\"url\":\"https:\\\/\\\/cafe-lagomera.com\\\/fr\\\/termes-juridiques\\\/\",\"name\":\"Mentions l\u00e9gales - Cafe Le La Gomera\",\"isPartOf\":{\"@id\":\"https:\\\/\\\/cafe-lagomera.com\\\/fr\\\/#website\"},\"datePublished\":\"2024-05-16T17:53:37+00:00\",\"dateModified\":\"2026-04-28T12:52:53+00:00\",\"breadcrumb\":{\"@id\":\"https:\\\/\\\/cafe-lagomera.com\\\/fr\\\/termes-juridiques\\\/#breadcrumb\"},\"inLanguage\":\"fr-FR\",\"potentialAction\":[{\"@type\":\"ReadAction\",\"target\":[\"https:\\\/\\\/cafe-lagomera.com\\\/fr\\\/termes-juridiques\\\/\"]}]},{\"@type\":\"BreadcrumbList\",\"@id\":\"https:\\\/\\\/cafe-lagomera.com\\\/fr\\\/termes-juridiques\\\/#breadcrumb\",\"itemListElement\":[{\"@type\":\"ListItem\",\"position\":1,\"name\":\"Startseite\",\"item\":\"https:\\\/\\\/cafe-lagomera.com\\\/fr\\\/lancement\\\/\"},{\"@type\":\"ListItem\",\"position\":2,\"name\":\"Mentions l\u00e9gales\"}]},{\"@type\":\"WebSite\",\"@id\":\"https:\\\/\\\/cafe-lagomera.com\\\/fr\\\/#website\",\"url\":\"https:\\\/\\\/cafe-lagomera.com\\\/fr\\\/\",\"name\":\"Cafe De La Gomera\",\"description\":\"The first truly indigenous coffee from La Gomera\",\"publisher\":{\"@id\":\"https:\\\/\\\/cafe-lagomera.com\\\/fr\\\/#organization\"},\"potentialAction\":[{\"@type\":\"SearchAction\",\"target\":{\"@type\":\"EntryPoint\",\"urlTemplate\":\"https:\\\/\\\/cafe-lagomera.com\\\/fr\\\/?s={search_term_string}\"},\"query-input\":{\"@type\":\"PropertyValueSpecification\",\"valueRequired\":true,\"valueName\":\"search_term_string\"}}],\"inLanguage\":\"fr-FR\"},{\"@type\":\"Organization\",\"@id\":\"https:\\\/\\\/cafe-lagomera.com\\\/fr\\\/#organization\",\"name\":\"Cafe De La Gomera\",\"url\":\"https:\\\/\\\/cafe-lagomera.com\\\/fr\\\/\",\"logo\":{\"@type\":\"ImageObject\",\"inLanguage\":\"fr-FR\",\"@id\":\"https:\\\/\\\/cafe-lagomera.com\\\/fr\\\/#\\\/schema\\\/logo\\\/image\\\/\",\"url\":\"https:\\\/\\\/cafe-lagomera.com\\\/wp-content\\\/uploads\\\/2024\\\/05\\\/Mockup.jpg\",\"contentUrl\":\"https:\\\/\\\/cafe-lagomera.com\\\/wp-content\\\/uploads\\\/2024\\\/05\\\/Mockup.jpg\",\"width\":1300,\"height\":2000,\"caption\":\"Cafe De La Gomera\"},\"image\":{\"@id\":\"https:\\\/\\\/cafe-lagomera.com\\\/fr\\\/#\\\/schema\\\/logo\\\/image\\\/\"},\"sameAs\":[\"https:\\\/\\\/www.instagram.com\\\/cafe.lagomera\\\/\"]}]}<\/script>\n<!-- \/ Yoast SEO plugin. -->","yoast_head_json":{"title":"Mentions l\u00e9gales - Cafe Le La Gomera","robots":{"index":"index","follow":"follow","max-snippet":"max-snippet:-1","max-image-preview":"max-image-preview:large","max-video-preview":"max-video-preview:-1"},"canonical":"https:\/\/cafe-lagomera.com\/fr\/termes-juridiques\/","og_locale":"fr_FR","og_type":"article","og_title":"Mentions l\u00e9gales - Cafe Le La Gomera","og_description":"Mentions l\u00e9gales MaLaBa S.L., B76800333 C\/ Las Trincheras, s\/n Alajer\u00f3, 38812 Santa Cruz de Tenerife (Espa\u00f1a) T\u00e9l. : (+34) 676 62 18 80 Contact :Webmaster : info@cafelagomera.com Termes juridiquesPolitique de donn\u00e9es","og_url":"https:\/\/cafe-lagomera.com\/fr\/termes-juridiques\/","og_site_name":"Cafe Le La Gomera","article_modified_time":"2026-04-28T12:52:53+00:00","twitter_card":"summary_large_image","twitter_misc":{"Dur\u00e9e de lecture estim\u00e9e":"3 minutes"},"schema":{"@context":"https:\/\/schema.org","@graph":[{"@type":"WebPage","@id":"https:\/\/cafe-lagomera.com\/fr\/termes-juridiques\/","url":"https:\/\/cafe-lagomera.com\/fr\/termes-juridiques\/","name":"Mentions l\u00e9gales - Cafe Le La Gomera","isPartOf":{"@id":"https:\/\/cafe-lagomera.com\/fr\/#website"},"datePublished":"2024-05-16T17:53:37+00:00","dateModified":"2026-04-28T12:52:53+00:00","breadcrumb":{"@id":"https:\/\/cafe-lagomera.com\/fr\/termes-juridiques\/#breadcrumb"},"inLanguage":"fr-FR","potentialAction":[{"@type":"ReadAction","target":["https:\/\/cafe-lagomera.com\/fr\/termes-juridiques\/"]}]},{"@type":"BreadcrumbList","@id":"https:\/\/cafe-lagomera.com\/fr\/termes-juridiques\/#breadcrumb","itemListElement":[{"@type":"ListItem","position":1,"name":"Startseite","item":"https:\/\/cafe-lagomera.com\/fr\/lancement\/"},{"@type":"ListItem","position":2,"name":"Mentions l\u00e9gales"}]},{"@type":"WebSite","@id":"https:\/\/cafe-lagomera.com\/fr\/#website","url":"https:\/\/cafe-lagomera.com\/fr\/","name":"Cafe De La Gomera","description":"The first truly indigenous coffee from La Gomera","publisher":{"@id":"https:\/\/cafe-lagomera.com\/fr\/#organization"},"potentialAction":[{"@type":"SearchAction","target":{"@type":"EntryPoint","urlTemplate":"https:\/\/cafe-lagomera.com\/fr\/?s={search_term_string}"},"query-input":{"@type":"PropertyValueSpecification","valueRequired":true,"valueName":"search_term_string"}}],"inLanguage":"fr-FR"},{"@type":"Organization","@id":"https:\/\/cafe-lagomera.com\/fr\/#organization","name":"Cafe De La Gomera","url":"https:\/\/cafe-lagomera.com\/fr\/","logo":{"@type":"ImageObject","inLanguage":"fr-FR","@id":"https:\/\/cafe-lagomera.com\/fr\/#\/schema\/logo\/image\/","url":"https:\/\/cafe-lagomera.com\/wp-content\/uploads\/2024\/05\/Mockup.jpg","contentUrl":"https:\/\/cafe-lagomera.com\/wp-content\/uploads\/2024\/05\/Mockup.jpg","width":1300,"height":2000,"caption":"Cafe De La Gomera"},"image":{"@id":"https:\/\/cafe-lagomera.com\/fr\/#\/schema\/logo\/image\/"},"sameAs":["https:\/\/www.instagram.com\/cafe.lagomera\/"]}]}},"_links":{"self":[{"href":"https:\/\/cafe-lagomera.com\/fr\/wp-json\/wp\/v2\/pages\/496","targetHints":{"allow":["GET"]}}],"collection":[{"href":"https:\/\/cafe-lagomera.com\/fr\/wp-json\/wp\/v2\/pages"}],"about":[{"href":"https:\/\/cafe-lagomera.com\/fr\/wp-json\/wp\/v2\/types\/page"}],"author":[{"embeddable":true,"href":"https:\/\/cafe-lagomera.com\/fr\/wp-json\/wp\/v2\/users\/1"}],"replies":[{"embeddable":true,"href":"https:\/\/cafe-lagomera.com\/fr\/wp-json\/wp\/v2\/comments?post=496"}],"version-history":[{"count":11,"href":"https:\/\/cafe-lagomera.com\/fr\/wp-json\/wp\/v2\/pages\/496\/revisions"}],"predecessor-version":[{"id":1503,"href":"https:\/\/cafe-lagomera.com\/fr\/wp-json\/wp\/v2\/pages\/496\/revisions\/1503"}],"wp:attachment":[{"href":"https:\/\/cafe-lagomera.com\/fr\/wp-json\/wp\/v2\/media?parent=496"}],"curies":[{"name":"wp","href":"https:\/\/api.w.org\/{rel}","templated":true}]}}